{"id":1323,"date":"2025-09-15T10:36:11","date_gmt":"2025-09-15T10:36:11","guid":{"rendered":"https:\/\/gehocom.es\/?page_id=1323"},"modified":"2025-09-15T10:45:37","modified_gmt":"2025-09-15T10:45:37","slug":"politica-de-cookies","status":"publish","type":"page","link":"https:\/\/gehocom.es\/en\/politica-de-cookies\/","title":{"rendered":"Pol\u00edtica de cookies"},"content":{"rendered":"<div data-elementor-type=\"wp-page\" data-elementor-id=\"1323\" class=\"elementor elementor-1323\">\n\t\t\t\t<div class=\"elementor-element elementor-element-0188feb e-flex e-con-boxed e-con e-parent\" data-id=\"0188feb\" data-element_type=\"container\" data-core-v316-plus=\"true\">\n\t\t\t\t\t<div class=\"e-con-inner\">\n\t\t\t\t<div class=\"elementor-element elementor-element-122d188 elementor-widget elementor-widget-heading\" data-id=\"122d188\" data-element_type=\"widget\" data-widget_type=\"heading.default\">\n\t\t\t\t<div class=\"elementor-widget-container\">\n\t\t\t<style>\/*! elementor - v3.20.0 - 26-03-2024 *\/\n.elementor-heading-title{padding:0;margin:0;line-height:1}.elementor-widget-heading .elementor-heading-title[class*=elementor-size-]>a{color:inherit;font-size:inherit;line-height:inherit}.elementor-widget-heading .elementor-heading-title.elementor-size-small{font-size:15px}.elementor-widget-heading .elementor-heading-title.elementor-size-medium{font-size:19px}.elementor-widget-heading .elementor-heading-title.elementor-size-large{font-size:29px}.elementor-widget-heading .elementor-heading-title.elementor-size-xl{font-size:39px}.elementor-widget-heading .elementor-heading-title.elementor-size-xxl{font-size:59px}<\/style><h1 class=\"elementor-heading-title elementor-size-default\">Pol\u00edtica de cookies<\/h1>\t\t<\/div>\n\t\t\t\t<\/div>\n\t\t\t\t<div class=\"elementor-element elementor-element-81dd24e elementor-widget elementor-widget-text-editor\" data-id=\"81dd24e\" data-element_type=\"widget\" data-widget_type=\"text-editor.default\">\n\t\t\t\t<div class=\"elementor-widget-container\">\n\t\t\t<style>\/*! elementor - v3.20.0 - 26-03-2024 *\/\n.elementor-widget-text-editor.elementor-drop-cap-view-stacked .elementor-drop-cap{background-color:#69727d;color:#fff}.elementor-widget-text-editor.elementor-drop-cap-view-framed .elementor-drop-cap{color:#69727d;border:3px solid;background-color:transparent}.elementor-widget-text-editor:not(.elementor-drop-cap-view-default) .elementor-drop-cap{margin-top:8px}.elementor-widget-text-editor:not(.elementor-drop-cap-view-default) .elementor-drop-cap-letter{width:1em;height:1em}.elementor-widget-text-editor .elementor-drop-cap{float:left;text-align:center;line-height:1;font-size:50px}.elementor-widget-text-editor .elementor-drop-cap-letter{display:inline-block}<\/style>\t\t\t\t<p><span style=\"font-weight: 400;\">En este sitio web \u00fanicamente utilizamos <\/span><b>cookies t\u00e9cnicas necesarias<\/b><span style=\"font-weight: 400;\">, aquellas que permiten la navegaci\u00f3n y el correcto funcionamiento de la p\u00e1gina web. Estas cookies no almacenan datos personales ni se utilizan con fines publicitarios o de an\u00e1lisis.<\/span><\/p>\t\t\t\t\t\t<\/div>\n\t\t\t\t<\/div>\n\t\t\t\t<div class=\"elementor-element elementor-element-f766f93 elementor-widget elementor-widget-heading\" data-id=\"f766f93\" data-element_type=\"widget\" data-widget_type=\"heading.default\">\n\t\t\t\t<div class=\"elementor-widget-container\">\n\t\t\t<h3 class=\"elementor-heading-title elementor-size-default\">\u00bfQu\u00e9 son las cookies?\n<\/h3>\t\t<\/div>\n\t\t\t\t<\/div>\n\t\t\t\t<div class=\"elementor-element elementor-element-68176f3 elementor-widget elementor-widget-text-editor\" data-id=\"68176f3\" data-element_type=\"widget\" data-widget_type=\"text-editor.default\">\n\t\t\t\t<div class=\"elementor-widget-container\">\n\t\t\t\t\t\t\t<p><span style=\"font-weight: 400;\">Las cookies son peque\u00f1os archivos de texto que los sitios web instalan en el dispositivo del usuario para permitir su funcionamiento o facilitar la navegaci\u00f3n.<\/span><\/p>\t\t\t\t\t\t<\/div>\n\t\t\t\t<\/div>\n\t\t\t\t<div class=\"elementor-element elementor-element-0900019 elementor-widget elementor-widget-heading\" data-id=\"0900019\" data-element_type=\"widget\" data-widget_type=\"heading.default\">\n\t\t\t\t<div class=\"elementor-widget-container\">\n\t\t\t<h3 class=\"elementor-heading-title elementor-size-default\">Tipos de cookies utilizadas en este sitio<\/h3>\t\t<\/div>\n\t\t\t\t<\/div>\n\t\t\t\t<div class=\"elementor-element elementor-element-f7c8d5e elementor-widget elementor-widget-text-editor\" data-id=\"f7c8d5e\" data-element_type=\"widget\" data-widget_type=\"text-editor.default\">\n\t\t\t\t<div class=\"elementor-widget-container\">\n\t\t\t\t\t\t\t<p><b>Cookies t\u00e9cnicas necesarias<\/b><span style=\"font-weight: 400;\">: son imprescindibles para que la p\u00e1gina web funcione correctamente. Permiten, por ejemplo, recordar sus preferencias de navegaci\u00f3n, mantener la sesi\u00f3n activa o facilitar el acceso a \u00e1reas seguras del sitio.<\/span><\/p>\t\t\t\t\t\t<\/div>\n\t\t\t\t<\/div>\n\t\t\t\t<div class=\"elementor-element elementor-element-9b38d39 elementor-widget elementor-widget-heading\" data-id=\"9b38d39\" data-element_type=\"widget\" data-widget_type=\"heading.default\">\n\t\t\t\t<div class=\"elementor-widget-container\">\n\t\t\t<h2 class=\"elementor-heading-title elementor-size-default\">Cookies de terceros<\/h2>\t\t<\/div>\n\t\t\t\t<\/div>\n\t\t\t\t<div class=\"elementor-element elementor-element-867f214 elementor-widget elementor-widget-text-editor\" data-id=\"867f214\" data-element_type=\"widget\" data-widget_type=\"text-editor.default\">\n\t\t\t\t<div class=\"elementor-widget-container\">\n\t\t\t\t\t\t\t<p><span style=\"font-weight: 400;\">En este sitio <\/span><b>no se utilizan cookies de terceros<\/b><span style=\"font-weight: 400;\">, ni cookies de an\u00e1lisis, ni publicitarias.<\/span><\/p>\t\t\t\t\t\t<\/div>\n\t\t\t\t<\/div>\n\t\t\t\t<div class=\"elementor-element elementor-element-c5dc242 elementor-widget elementor-widget-heading\" data-id=\"c5dc242\" data-element_type=\"widget\" data-widget_type=\"heading.default\">\n\t\t\t\t<div class=\"elementor-widget-container\">\n\t\t\t<h3 class=\"elementor-heading-title elementor-size-default\">Gesti\u00f3n y eliminaci\u00f3n de cookies\n<\/h3>\t\t<\/div>\n\t\t\t\t<\/div>\n\t\t\t\t<div class=\"elementor-element elementor-element-56d809e elementor-widget elementor-widget-text-editor\" data-id=\"56d809e\" data-element_type=\"widget\" data-widget_type=\"text-editor.default\">\n\t\t\t\t<div class=\"elementor-widget-container\">\n\t\t\t\t\t\t\t<p><span style=\"font-weight: 400;\">Usted puede configurar su navegador para bloquear o eliminar las cookies en cualquier momento, aunque ello podr\u00eda afectar al correcto funcionamiento de la web.<\/span><\/p><p><span style=\"font-weight: 400;\">Para m\u00e1s informaci\u00f3n sobre la gesti\u00f3n de cookies seg\u00fan su navegador:<\/span><\/p>\t\t\t\t\t\t<\/div>\n\t\t\t\t<\/div>\n\t\t\t\t<div class=\"elementor-element elementor-element-2b88d81 elementor-icon-list--layout-traditional elementor-list-item-link-full_width elementor-widget elementor-widget-icon-list\" data-id=\"2b88d81\" data-element_type=\"widget\" data-widget_type=\"icon-list.default\">\n\t\t\t\t<div class=\"elementor-widget-container\">\n\t\t\t<link rel=\"stylesheet\" href=\"https:\/\/gehocom.es\/wp-content\/plugins\/elementor\/assets\/css\/widget-icon-list.min.css\">\t\t<ul class=\"elementor-icon-list-items\">\n\t\t\t\t\t\t\t<li class=\"elementor-icon-list-item\">\n\t\t\t\t\t\t\t\t\t\t\t<a href=\"https:\/\/support.google.com\/chrome\/answer\/95647\">\n\n\t\t\t\t\t\t\t\t\t\t\t\t<span class=\"elementor-icon-list-icon\">\n\t\t\t\t\t\t\t<svg aria-hidden=\"true\" class=\"e-font-icon-svg e-fas-dot-circle\" viewbox=\"0 0 512 512\" xmlns=\"http:\/\/www.w3.org\/2000\/svg\"><path d=\"M256 8C119.033 8 8 119.033 8 256s111.033 248 248 248 248-111.033 248-248S392.967 8 256 8zm80 248c0 44.112-35.888 80-80 80s-80-35.888-80-80 35.888-80 80-80 80 35.888 80 80z\"><\/path><\/svg>\t\t\t\t\t\t<\/span>\n\t\t\t\t\t\t\t\t\t\t<span class=\"elementor-icon-list-text\">Google Chrome<\/span>\n\t\t\t\t\t\t\t\t\t\t\t<\/a>\n\t\t\t\t\t\t\t\t\t<\/li>\n\t\t\t\t\t\t\t\t<li class=\"elementor-icon-list-item\">\n\t\t\t\t\t\t\t\t\t\t\t<a href=\"https:\/\/support.mozilla.org\/es\/kb\/Borrar%20cookies\">\n\n\t\t\t\t\t\t\t\t\t\t\t\t<span class=\"elementor-icon-list-icon\">\n\t\t\t\t\t\t\t<svg aria-hidden=\"true\" class=\"e-font-icon-svg e-fas-dot-circle\" viewbox=\"0 0 512 512\" xmlns=\"http:\/\/www.w3.org\/2000\/svg\"><path d=\"M256 8C119.033 8 8 119.033 8 256s111.033 248 248 248 248-111.033 248-248S392.967 8 256 8zm80 248c0 44.112-35.888 80-80 80s-80-35.888-80-80 35.888-80 80-80 80 35.888 80 80z\"><\/path><\/svg>\t\t\t\t\t\t<\/span>\n\t\t\t\t\t\t\t\t\t\t<span class=\"elementor-icon-list-text\">Mozilla Firefox<\/span>\n\t\t\t\t\t\t\t\t\t\t\t<\/a>\n\t\t\t\t\t\t\t\t\t<\/li>\n\t\t\t\t\t\t\t\t<li class=\"elementor-icon-list-item\">\n\t\t\t\t\t\t\t\t\t\t\t<a href=\"https:\/\/support.apple.com\/es-es\/guide\/safari\/sfri11471\/mac\">\n\n\t\t\t\t\t\t\t\t\t\t\t\t<span class=\"elementor-icon-list-icon\">\n\t\t\t\t\t\t\t<svg aria-hidden=\"true\" class=\"e-font-icon-svg e-fas-dot-circle\" viewbox=\"0 0 512 512\" xmlns=\"http:\/\/www.w3.org\/2000\/svg\"><path d=\"M256 8C119.033 8 8 119.033 8 256s111.033 248 248 248 248-111.033 248-248S392.967 8 256 8zm80 248c0 44.112-35.888 80-80 80s-80-35.888-80-80 35.888-80 80-80 80 35.888 80 80z\"><\/path><\/svg>\t\t\t\t\t\t<\/span>\n\t\t\t\t\t\t\t\t\t\t<span class=\"elementor-icon-list-text\">Safari<\/span>\n\t\t\t\t\t\t\t\t\t\t\t<\/a>\n\t\t\t\t\t\t\t\t\t<\/li>\n\t\t\t\t\t\t\t\t<li class=\"elementor-icon-list-item\">\n\t\t\t\t\t\t\t\t\t\t\t<a href=\"https:\/\/support.microsoft.com\/es-es\/microsoft-edge\/eliminar-cookies-en-microsoft-edge-63947406-40ac-c3b8-57b9-2a946a29ae09\">\n\n\t\t\t\t\t\t\t\t\t\t\t\t<span class=\"elementor-icon-list-icon\">\n\t\t\t\t\t\t\t<svg aria-hidden=\"true\" class=\"e-font-icon-svg e-fas-dot-circle\" viewbox=\"0 0 512 512\" xmlns=\"http:\/\/www.w3.org\/2000\/svg\"><path d=\"M256 8C119.033 8 8 119.033 8 256s111.033 248 248 248 248-111.033 248-248S392.967 8 256 8zm80 248c0 44.112-35.888 80-80 80s-80-35.888-80-80 35.888-80 80-80 80 35.888 80 80z\"><\/path><\/svg>\t\t\t\t\t\t<\/span>\n\t\t\t\t\t\t\t\t\t\t<span class=\"elementor-icon-list-text\">Microsoft Edge<\/span>\n\t\t\t\t\t\t\t\t\t\t\t<\/a>\n\t\t\t\t\t\t\t\t\t<\/li>\n\t\t\t\t\t\t<\/ul>\n\t\t\t\t<\/div>\n\t\t\t\t<\/div>\n\t\t\t\t\t<\/div>\n\t\t\t\t<\/div>\n\t\t\t\t<\/div>","protected":false},"excerpt":{"rendered":"<p>Pol\u00edtica de cookies En este sitio web \u00fanicamente utilizamos cookies t\u00e9cnicas necesarias, aquellas que permiten la navegaci\u00f3n y el correcto funcionamiento de la p\u00e1gina web. Estas cookies no almacenan datos personales ni se utilizan con fines publicitarios o de an\u00e1lisis. \u00bfQu\u00e9 son las cookies? Las cookies son peque\u00f1os archivos de texto que los sitios web [&hellip;]<\/p>","protected":false},"author":1,"featured_media":0,"parent":0,"menu_order":0,"comment_status":"closed","ping_status":"closed","template":"elementor_header_footer","meta":{"footnotes":""},"class_list":["post-1323","page","type-page","status-publish","hentry"],"yoast_head":"<!-- This site is optimized with the Yoast SEO plugin v22.4 - https:\/\/yoast.com\/wordpress\/plugins\/seo\/ -->\n<title>Pol\u00edtica de cookies - Gehocom<\/title>\n<meta name=\"robots\" content=\"index, follow, max-snippet:-1, max-image-preview:large, max-video-preview:-1\" \/>\n<link rel=\"canonical\" href=\"https:\/\/gehocom.es\/en\/politica-de-cookies\/\" \/>\n<meta property=\"og:locale\" content=\"en_GB\" \/>\n<meta property=\"og:type\" content=\"article\" \/>\n<meta property=\"og:title\" content=\"Pol\u00edtica de cookies - Gehocom\" \/>\n<meta property=\"og:description\" content=\"Pol\u00edtica de cookies En este sitio web \u00fanicamente utilizamos cookies t\u00e9cnicas necesarias, aquellas que permiten la navegaci\u00f3n y el correcto funcionamiento de la p\u00e1gina web. Estas cookies no almacenan datos personales ni se utilizan con fines publicitarios o de an\u00e1lisis. \u00bfQu\u00e9 son las cookies? Las cookies son peque\u00f1os archivos de texto que los sitios web [&hellip;]\" \/>\n<meta property=\"og:url\" content=\"https:\/\/gehocom.es\/en\/politica-de-cookies\/\" \/>\n<meta property=\"og:site_name\" content=\"Gehocom\" \/>\n<meta property=\"article:modified_time\" content=\"2025-09-15T10:45:37+00:00\" \/>\n<meta name=\"twitter:card\" content=\"summary_large_image\" \/>\n<meta name=\"twitter:label1\" content=\"Estimated reading time\" \/>\n\t<meta name=\"twitter:data1\" content=\"1 minute\" \/>\n<script type=\"application\/ld+json\" class=\"yoast-schema-graph\">{\"@context\":\"https:\/\/schema.org\",\"@graph\":[{\"@type\":\"WebPage\",\"@id\":\"https:\/\/gehocom.es\/politica-de-cookies\/\",\"url\":\"https:\/\/gehocom.es\/politica-de-cookies\/\",\"name\":\"Pol\u00edtica de cookies - Gehocom\",\"isPartOf\":{\"@id\":\"https:\/\/gehocom.es\/#website\"},\"datePublished\":\"2025-09-15T10:36:11+00:00\",\"dateModified\":\"2025-09-15T10:45:37+00:00\",\"breadcrumb\":{\"@id\":\"https:\/\/gehocom.es\/politica-de-cookies\/#breadcrumb\"},\"inLanguage\":\"en-GB\",\"potentialAction\":[{\"@type\":\"ReadAction\",\"target\":[\"https:\/\/gehocom.es\/politica-de-cookies\/\"]}]},{\"@type\":\"BreadcrumbList\",\"@id\":\"https:\/\/gehocom.es\/politica-de-cookies\/#breadcrumb\",\"itemListElement\":[{\"@type\":\"ListItem\",\"position\":1,\"name\":\"Portada\",\"item\":\"https:\/\/gehocom.es\/\"},{\"@type\":\"ListItem\",\"position\":2,\"name\":\"Pol\u00edtica de cookies\"}]},{\"@type\":\"WebSite\",\"@id\":\"https:\/\/gehocom.es\/#website\",\"url\":\"https:\/\/gehocom.es\/\",\"name\":\"Gehocom\",\"description\":\"Gehocom\",\"publisher\":{\"@id\":\"https:\/\/gehocom.es\/#organization\"},\"potentialAction\":[{\"@type\":\"SearchAction\",\"target\":{\"@type\":\"EntryPoint\",\"urlTemplate\":\"https:\/\/gehocom.es\/?s={search_term_string}\"},\"query-input\":\"required name=search_term_string\"}],\"inLanguage\":\"en-GB\"},{\"@type\":\"Organization\",\"@id\":\"https:\/\/gehocom.es\/#organization\",\"name\":\"Gehocom\",\"url\":\"https:\/\/gehocom.es\/\",\"logo\":{\"@type\":\"ImageObject\",\"inLanguage\":\"en-GB\",\"@id\":\"https:\/\/gehocom.es\/#\/schema\/logo\/image\/\",\"url\":\"https:\/\/gehocom.es\/wp-content\/uploads\/2024\/01\/Gehocom_logo_transparent.png\",\"contentUrl\":\"https:\/\/gehocom.es\/wp-content\/uploads\/2024\/01\/Gehocom_logo_transparent.png\",\"width\":210,\"height\":60,\"caption\":\"Gehocom\"},\"image\":{\"@id\":\"https:\/\/gehocom.es\/#\/schema\/logo\/image\/\"}}]}<\/script>\n<!-- \/ Yoast SEO plugin. -->","yoast_head_json":{"title":"Pol\u00edtica de cookies - Gehocom","robots":{"index":"index","follow":"follow","max-snippet":"max-snippet:-1","max-image-preview":"max-image-preview:large","max-video-preview":"max-video-preview:-1"},"canonical":"https:\/\/gehocom.es\/en\/politica-de-cookies\/","og_locale":"en_GB","og_type":"article","og_title":"Pol\u00edtica de cookies - Gehocom","og_description":"Pol\u00edtica de cookies En este sitio web \u00fanicamente utilizamos cookies t\u00e9cnicas necesarias, aquellas que permiten la navegaci\u00f3n y el correcto funcionamiento de la p\u00e1gina web. Estas cookies no almacenan datos personales ni se utilizan con fines publicitarios o de an\u00e1lisis. \u00bfQu\u00e9 son las cookies? Las cookies son peque\u00f1os archivos de texto que los sitios web [&hellip;]","og_url":"https:\/\/gehocom.es\/en\/politica-de-cookies\/","og_site_name":"Gehocom","article_modified_time":"2025-09-15T10:45:37+00:00","twitter_card":"summary_large_image","twitter_misc":{"Estimated reading time":"1 minute"},"schema":{"@context":"https:\/\/schema.org","@graph":[{"@type":"WebPage","@id":"https:\/\/gehocom.es\/politica-de-cookies\/","url":"https:\/\/gehocom.es\/politica-de-cookies\/","name":"Pol\u00edtica de cookies - Gehocom","isPartOf":{"@id":"https:\/\/gehocom.es\/#website"},"datePublished":"2025-09-15T10:36:11+00:00","dateModified":"2025-09-15T10:45:37+00:00","breadcrumb":{"@id":"https:\/\/gehocom.es\/politica-de-cookies\/#breadcrumb"},"inLanguage":"en-GB","potentialAction":[{"@type":"ReadAction","target":["https:\/\/gehocom.es\/politica-de-cookies\/"]}]},{"@type":"BreadcrumbList","@id":"https:\/\/gehocom.es\/politica-de-cookies\/#breadcrumb","itemListElement":[{"@type":"ListItem","position":1,"name":"Portada","item":"https:\/\/gehocom.es\/"},{"@type":"ListItem","position":2,"name":"Pol\u00edtica de cookies"}]},{"@type":"WebSite","@id":"https:\/\/gehocom.es\/#website","url":"https:\/\/gehocom.es\/","name":"Gehocom","description":"Gehocom","publisher":{"@id":"https:\/\/gehocom.es\/#organization"},"potentialAction":[{"@type":"SearchAction","target":{"@type":"EntryPoint","urlTemplate":"https:\/\/gehocom.es\/?s={search_term_string}"},"query-input":"required name=search_term_string"}],"inLanguage":"en-GB"},{"@type":"Organization","@id":"https:\/\/gehocom.es\/#organization","name":"Gehocom","url":"https:\/\/gehocom.es\/","logo":{"@type":"ImageObject","inLanguage":"en-GB","@id":"https:\/\/gehocom.es\/#\/schema\/logo\/image\/","url":"https:\/\/gehocom.es\/wp-content\/uploads\/2024\/01\/Gehocom_logo_transparent.png","contentUrl":"https:\/\/gehocom.es\/wp-content\/uploads\/2024\/01\/Gehocom_logo_transparent.png","width":210,"height":60,"caption":"Gehocom"},"image":{"@id":"https:\/\/gehocom.es\/#\/schema\/logo\/image\/"}}]}},"_links":{"self":[{"href":"https:\/\/gehocom.es\/en\/wp-json\/wp\/v2\/pages\/1323","targetHints":{"allow":["GET"]}}],"collection":[{"href":"https:\/\/gehocom.es\/en\/wp-json\/wp\/v2\/pages"}],"about":[{"href":"https:\/\/gehocom.es\/en\/wp-json\/wp\/v2\/types\/page"}],"author":[{"embeddable":true,"href":"https:\/\/gehocom.es\/en\/wp-json\/wp\/v2\/users\/1"}],"replies":[{"embeddable":true,"href":"https:\/\/gehocom.es\/en\/wp-json\/wp\/v2\/comments?post=1323"}],"version-history":[{"count":8,"href":"https:\/\/gehocom.es\/en\/wp-json\/wp\/v2\/pages\/1323\/revisions"}],"predecessor-version":[{"id":1331,"href":"https:\/\/gehocom.es\/en\/wp-json\/wp\/v2\/pages\/1323\/revisions\/1331"}],"wp:attachment":[{"href":"https:\/\/gehocom.es\/en\/wp-json\/wp\/v2\/media?parent=1323"}],"curies":[{"name":"wp","href":"https:\/\/api.w.org\/{rel}","templated":true}]}}